{"id":1237,"date":"2021-02-24T09:28:06","date_gmt":"2021-02-24T08:28:06","guid":{"rendered":"http:\/\/rootszoekers.nl\/Roots\/?page_id=1237"},"modified":"2021-02-24T09:28:06","modified_gmt":"2021-02-24T08:28:06","slug":"vertriebene","status":"publish","type":"page","link":"https:\/\/rootszoekers.nl\/Roots\/sudetenland\/vertriebene\/","title":{"rendered":"Vertriebene"},"content":{"rendered":"<p>Bron: via Facebook. \u00a0<span class=\"pq6dq46d\"><span class=\"d9wwppkn mdeji52x e9vueds3 lrazzd5p qv66sw1b mau55g9w aigsh9s9 fe6kdd0r nxhoafnm hpfvmrgz c8b282yb ik7dh3pa a8c37x1j fgxwclzu j5wam9gi keod5gw0 oi732d6d c1et5uql d2edcug0 oo9gr5id\" dir=\"auto\">Gunter Heyer<\/span><\/span><\/p>\n<div class=\"a8c37x1j ecm0bbzt e5nlhep0\">\n<div class=\"cxmmr5t8 oygrvhab c1et5uql kvgmc6g5 hcukyx3x\">\n<div class=\"\" dir=\"auto\">\n<div class=\"nc684nl6\"><\/div>\n<p>In Potsdam einigten sich die drei Siegerm\u00e4chte darauf, dass die Mitglieder der\u00a0deutschen Bev\u00f6lkerung, die in Polen,\u00a0der Tschechoslowakei und in Ungarn\u00a0verblieben bzw. nach dem Krieg wieder\u00a0dorthin zur\u00fcckgekehrt waren, \u201ein ordnungsgem\u00e4\u00dfer und humaner Weise\u201c nach Deutschland \u00fcberf\u00fchrt werden sollten. Die Alliierten hatten bereits auf den Konferenzen von Teheran und Jalta den Transfer gro\u00dfer deutscher Bev\u00f6lkerungsteile aus dem Osten gen Western besprochen und beschlossen . Dabei wurde im Vorfeld festgelegt, welche Besatzungszone wie viele Deutsche aufzunehmen hatte. Die Bestimmungen des Potsdamer Abkommens auch auf \u00d6sterreich angewandt und die aus der Tschechoslowakei, Ungarn und Polen gekommenen \u201eVolksdeutschen\u201c in das besetzte Deutschland \u201erepatriiert\u201c werden. Hier insbesondere Personen mit \u00f6sterreichischer Staatsb\u00fcrgerschaft vor 1938- Auch einen gro\u00dfen Anteil hatten die Personen, die durch die wilden Vertreibungen 1945 nach \u00d6sterreich kamen.<\/p><\/div>\n<\/div>\n<\/div>\n","protected":false},"excerpt":{"rendered":"<p>Bron: via Facebook. \u00a0Gunter Heyer In Potsdam einigten sich die drei Siegerm\u00e4chte darauf, dass die Mitglieder der\u00a0deutschen Bev\u00f6lkerung, die in<\/p>\n","protected":false},"author":1,"featured_media":1235,"parent":801,"menu_order":0,"comment_status":"closed","ping_status":"closed","template":"","meta":[],"_links":{"self":[{"href":"https:\/\/rootszoekers.nl\/Roots\/wp-json\/wp\/v2\/pages\/1237"}],"collection":[{"href":"https:\/\/rootszoekers.nl\/Roots\/wp-json\/wp\/v2\/pages"}],"about":[{"href":"https:\/\/rootszoekers.nl\/Roots\/wp-json\/wp\/v2\/types\/page"}],"author":[{"embeddable":true,"href":"https:\/\/rootszoekers.nl\/Roots\/wp-json\/wp\/v2\/users\/1"}],"replies":[{"embeddable":true,"href":"https:\/\/rootszoekers.nl\/Roots\/wp-json\/wp\/v2\/comments?post=1237"}],"version-history":[{"count":1,"href":"https:\/\/rootszoekers.nl\/Roots\/wp-json\/wp\/v2\/pages\/1237\/revisions"}],"predecessor-version":[{"id":1238,"href":"https:\/\/rootszoekers.nl\/Roots\/wp-json\/wp\/v2\/pages\/1237\/revisions\/1238"}],"up":[{"embeddable":true,"href":"https:\/\/rootszoekers.nl\/Roots\/wp-json\/wp\/v2\/pages\/801"}],"wp:featuredmedia":[{"embeddable":true,"href":"https:\/\/rootszoekers.nl\/Roots\/wp-json\/wp\/v2\/media\/1235"}],"wp:attachment":[{"href":"https:\/\/rootszoekers.nl\/Roots\/wp-json\/wp\/v2\/media?parent=1237"}],"curies":[{"name":"wp","href":"https:\/\/api.w.org\/{rel}","templated":true}]}}