{"id":1312,"date":"2021-04-04T08:53:49","date_gmt":"2021-04-04T06:53:49","guid":{"rendered":"http:\/\/rootszoekers.nl\/Roots\/?page_id=1312"},"modified":"2021-07-07T23:12:58","modified_gmt":"2021-07-07T21:12:58","slug":"derflingerstrasse","status":"publish","type":"page","link":"https:\/\/rootszoekers.nl\/Roots\/pflanzen-later\/linz\/derflingerstrasse\/","title":{"rendered":"Derfflingerstrasse"},"content":{"rendered":"<div data-carousel-extra='{\"blog_id\":1,\"permalink\":\"https:\\\/\\\/rootszoekers.nl\\\/Roots\\\/pflanzen-later\\\/linz\\\/derflingerstrasse\\\/\"}' class=\"tiled-gallery type-rectangular\" data-original-width=\"910\"><div class=\"gallery-row\" style=\"width: 905px; height: 487px;\"><div class=\"gallery-group images-1\" style=\"width: 627px; height: 491px;\"><div class=\"tiled-gallery-item tiled-gallery-item-large\"><a href=\"https:\/\/rootszoekers.nl\/Roots\/pflanzen-later\/linz\/derflingerstrasse\/x-barak\/\"><img data-attachment-id=\"1315\" data-orig-file=\"https:\/\/rootszoekers.nl\/Roots\/wp-content\/uploads\/2021\/04\/x-barak.jpg\" data-orig-size=\"1892,1481\" data-comments-opened=\"1\" data-image-meta=\"{&quot;aperture&quot;:&quot;0&quot;,&quot;credit&quot;:&quot;&quot;,&quot;camera&quot;:&quot;&quot;,&quot;caption&quot;:&quot;&quot;,&quot;created_timestamp&quot;:&quot;0&quot;,&quot;copyright&quot;:&quot;&quot;,&quot;focal_length&quot;:&quot;0&quot;,&quot;iso&quot;:&quot;0&quot;,&quot;shutter_speed&quot;:&quot;0&quot;,&quot;title&quot;:&quot;&quot;,&quot;orientation&quot;:&quot;0&quot;}\" data-image-title=\"x barak\" data-image-description=\"\" data-medium-file=\"https:\/\/rootszoekers.nl\/Roots\/wp-content\/uploads\/2021\/04\/x-barak-300x235.jpg\" data-large-file=\"https:\/\/rootszoekers.nl\/Roots\/wp-content\/uploads\/2021\/04\/x-barak-1024x802.jpg\" src=\"https:\/\/rootszoekers.nl\/Roots\/wp-content\/uploads\/2021\/04\/x-barak-623x487.jpg\" width=\"623\" height=\"487\" align=\"left\" title=\"x barak\" \/><\/a><div class=\"tiled-gallery-caption\">Derfflingerstrasse Linz 2005. eerder Lager 70.<\/div><\/div><\/div><div class=\"gallery-group images-2\" style=\"width: 278px; height: 491px;\"><div class=\"tiled-gallery-item tiled-gallery-item-large\"><a href=\"https:\/\/rootszoekers.nl\/Roots\/pflanzen-later\/linz\/derflingerstrasse\/derflingerstrasse-2021-04-03-om-08-52-57\/\"><img data-attachment-id=\"1313\" data-orig-file=\"https:\/\/rootszoekers.nl\/Roots\/wp-content\/uploads\/2021\/04\/derflingerstrasse.2021-04-03-om-08.52.57.png\" data-orig-size=\"565,488\" data-comments-opened=\"1\" data-image-meta=\"{&quot;aperture&quot;:&quot;0&quot;,&quot;credit&quot;:&quot;&quot;,&quot;camera&quot;:&quot;&quot;,&quot;caption&quot;:&quot;&quot;,&quot;created_timestamp&quot;:&quot;0&quot;,&quot;copyright&quot;:&quot;&quot;,&quot;focal_length&quot;:&quot;0&quot;,&quot;iso&quot;:&quot;0&quot;,&quot;shutter_speed&quot;:&quot;0&quot;,&quot;title&quot;:&quot;&quot;,&quot;orientation&quot;:&quot;0&quot;}\" data-image-title=\"derflingerstrasse.2021-04-03 om 08.52.57\" data-image-description=\"\" data-medium-file=\"https:\/\/rootszoekers.nl\/Roots\/wp-content\/uploads\/2021\/04\/derflingerstrasse.2021-04-03-om-08.52.57-300x259.png\" data-large-file=\"https:\/\/rootszoekers.nl\/Roots\/wp-content\/uploads\/2021\/04\/derflingerstrasse.2021-04-03-om-08.52.57.png\" src=\"https:\/\/rootszoekers.nl\/Roots\/wp-content\/uploads\/2021\/04\/derflingerstrasse.2021-04-03-om-08.52.57-274x237.png\" width=\"274\" height=\"237\" align=\"left\" title=\"derflingerstrasse.2021-04-03 om 08.52.57\" \/><\/a><\/div><div class=\"tiled-gallery-item tiled-gallery-item-large\"><a href=\"https:\/\/rootszoekers.nl\/Roots\/pflanzen-later\/linz\/derflingerstrasse\/derflingerstrasse-2021\/\"><img data-attachment-id=\"1314\" data-orig-file=\"https:\/\/rootszoekers.nl\/Roots\/wp-content\/uploads\/2021\/04\/derflingerstrasse.2021.png\" data-orig-size=\"909,816\" data-comments-opened=\"1\" data-image-meta=\"{&quot;aperture&quot;:&quot;0&quot;,&quot;credit&quot;:&quot;&quot;,&quot;camera&quot;:&quot;&quot;,&quot;caption&quot;:&quot;&quot;,&quot;created_timestamp&quot;:&quot;0&quot;,&quot;copyright&quot;:&quot;&quot;,&quot;focal_length&quot;:&quot;0&quot;,&quot;iso&quot;:&quot;0&quot;,&quot;shutter_speed&quot;:&quot;0&quot;,&quot;title&quot;:&quot;&quot;,&quot;orientation&quot;:&quot;0&quot;}\" data-image-title=\"derflingerstrasse.2021\" data-image-description=\"\" data-medium-file=\"https:\/\/rootszoekers.nl\/Roots\/wp-content\/uploads\/2021\/04\/derflingerstrasse.2021-300x269.png\" data-large-file=\"https:\/\/rootszoekers.nl\/Roots\/wp-content\/uploads\/2021\/04\/derflingerstrasse.2021.png\" src=\"https:\/\/rootszoekers.nl\/Roots\/wp-content\/uploads\/2021\/04\/derflingerstrasse.2021-274x246.png\" width=\"274\" height=\"246\" align=\"left\" title=\"derflingerstrasse.2021\" \/><\/a><\/div><\/div><\/div><\/div>\n<p>&nbsp;<\/p>\n<p><img decoding=\"async\" loading=\"lazy\" class=\"alignnone size-medium wp-image-1316\" src=\"http:\/\/rootszoekers.nl\/Roots\/wp-content\/uploads\/2021\/04\/unnamed-300x176.jpg\" alt=\"\" width=\"300\" height=\"176\" srcset=\"https:\/\/rootszoekers.nl\/Roots\/wp-content\/uploads\/2021\/04\/unnamed-300x176.jpg 300w, https:\/\/rootszoekers.nl\/Roots\/wp-content\/uploads\/2021\/04\/unnamed.jpg 470w\" sizes=\"(max-width: 300px) 100vw, 300px\" \/>Reactie op vraag naar Lager 70 en Derfflingerstrasse. (2021)<\/p>\n<p>Ich hoffe ich habe Ihre Frage richtig verstanden. Wenn Ihre Pflegeschwester im Lager 70 bzw. unter der Adresse Derflingerstra\u00dfe 70 gelebt hat, war das ein Baracken\/Fl\u00fcchtlingslager zwischen der Derflingerstra\u00dfe und der Semmelweisstra\u00dfe. Dieses Areal ist heute sehr divers verbaut, mit Wohnbauten, einem Krankenhaus, einer Schule, Gewerbe usw. Sie k\u00f6nnen mit Google Maps aber gut selbst einen Blick auf das heutige Gebiet werfen bzw. durch Google Streetview auch virtuell die Stra\u00dfen abgehen: <a href=\"https:\/\/www.google.com\/maps\/@48.3044641,14.3106481,767m\/data=!3m1!1e3\">https:\/\/www.google.com\/maps\/@48.3044641,14.3106481,767m\/data=!3m1!1e3<\/a><\/p>\n<hr \/>\n<p><a href=\"http:\/\/rootszoekers.nl\/Roots\/pflanzen-later\/linz\/katzenau\/\"><img decoding=\"async\" loading=\"lazy\" class=\"size-full wp-image-331 alignright\" src=\"http:\/\/rootszoekers.nl\/Roots\/wp-content\/uploads\/2020\/10\/Vervolg.png\" alt=\"\" width=\"200\" height=\"94\" \/><\/a><\/p>\n","protected":false},"excerpt":{"rendered":"<p>&nbsp; Reactie op vraag naar Lager 70 en Derfflingerstrasse. (2021) Ich hoffe ich habe Ihre Frage richtig verstanden. Wenn Ihre<\/p>\n","protected":false},"author":1,"featured_media":1316,"parent":323,"menu_order":0,"comment_status":"closed","ping_status":"closed","template":"","meta":[],"_links":{"self":[{"href":"https:\/\/rootszoekers.nl\/Roots\/wp-json\/wp\/v2\/pages\/1312"}],"collection":[{"href":"https:\/\/rootszoekers.nl\/Roots\/wp-json\/wp\/v2\/pages"}],"about":[{"href":"https:\/\/rootszoekers.nl\/Roots\/wp-json\/wp\/v2\/types\/page"}],"author":[{"embeddable":true,"href":"https:\/\/rootszoekers.nl\/Roots\/wp-json\/wp\/v2\/users\/1"}],"replies":[{"embeddable":true,"href":"https:\/\/rootszoekers.nl\/Roots\/wp-json\/wp\/v2\/comments?post=1312"}],"version-history":[{"count":3,"href":"https:\/\/rootszoekers.nl\/Roots\/wp-json\/wp\/v2\/pages\/1312\/revisions"}],"predecessor-version":[{"id":1454,"href":"https:\/\/rootszoekers.nl\/Roots\/wp-json\/wp\/v2\/pages\/1312\/revisions\/1454"}],"up":[{"embeddable":true,"href":"https:\/\/rootszoekers.nl\/Roots\/wp-json\/wp\/v2\/pages\/323"}],"wp:featuredmedia":[{"embeddable":true,"href":"https:\/\/rootszoekers.nl\/Roots\/wp-json\/wp\/v2\/media\/1316"}],"wp:attachment":[{"href":"https:\/\/rootszoekers.nl\/Roots\/wp-json\/wp\/v2\/media?parent=1312"}],"curies":[{"name":"wp","href":"https:\/\/api.w.org\/{rel}","templated":true}]}}