{"id":1956,"date":"2023-03-12T09:41:02","date_gmt":"2023-03-12T08:41:02","guid":{"rendered":"http:\/\/rootszoekers.nl\/Roots\/?page_id=1956"},"modified":"2023-03-12T09:41:02","modified_gmt":"2023-03-12T08:41:02","slug":"huwelijk-1918","status":"publish","type":"page","link":"https:\/\/rootszoekers.nl\/Roots\/putschogl-koppl\/huwelijk-1918\/","title":{"rendered":"Huwelijk 1918"},"content":{"rendered":"<figure id=\"attachment_1957\" aria-describedby=\"caption-attachment-1957\" style=\"width: 1203px\" class=\"wp-caption alignnone\"><img decoding=\"async\" loading=\"lazy\" class=\"wp-image-1957 size-full\" src=\"http:\/\/rootszoekers.nl\/Roots\/wp-content\/uploads\/2023\/03\/1.huw_.1918.putschogl-koppl.01.-kopie.jpg\" alt=\"Huwelijk 1918, in Krumlov \/ Kaplitz\" width=\"1203\" height=\"749\" srcset=\"https:\/\/rootszoekers.nl\/Roots\/wp-content\/uploads\/2023\/03\/1.huw_.1918.putschogl-koppl.01.-kopie.jpg 1203w, https:\/\/rootszoekers.nl\/Roots\/wp-content\/uploads\/2023\/03\/1.huw_.1918.putschogl-koppl.01.-kopie-300x187.jpg 300w, https:\/\/rootszoekers.nl\/Roots\/wp-content\/uploads\/2023\/03\/1.huw_.1918.putschogl-koppl.01.-kopie-1024x638.jpg 1024w, https:\/\/rootszoekers.nl\/Roots\/wp-content\/uploads\/2023\/03\/1.huw_.1918.putschogl-koppl.01.-kopie-768x478.jpg 768w\" sizes=\"(max-width: 1203px) 100vw, 1203px\" \/><figcaption id=\"caption-attachment-1957\" class=\"wp-caption-text\">Huwelijk 1918, in district Krumlov\u00a0<\/figcaption><\/figure>\n<p>Johann Putsch\u00f6gl Zoon van Josef Putsch\u00f6gl &amp; Maria Linko. &amp; Katharina K\u00f6ppl, dochter van Franz K\u00f6ppl &amp; Maria Trnka.<\/p>\n","protected":false},"excerpt":{"rendered":"<p>Johann Putsch\u00f6gl Zoon van Josef Putsch\u00f6gl &amp; Maria Linko. &amp; Katharina K\u00f6ppl, dochter van Franz K\u00f6ppl &amp; Maria Trnka.<\/p>\n","protected":false},"author":1,"featured_media":682,"parent":679,"menu_order":0,"comment_status":"closed","ping_status":"closed","template":"","meta":[],"_links":{"self":[{"href":"https:\/\/rootszoekers.nl\/Roots\/wp-json\/wp\/v2\/pages\/1956"}],"collection":[{"href":"https:\/\/rootszoekers.nl\/Roots\/wp-json\/wp\/v2\/pages"}],"about":[{"href":"https:\/\/rootszoekers.nl\/Roots\/wp-json\/wp\/v2\/types\/page"}],"author":[{"embeddable":true,"href":"https:\/\/rootszoekers.nl\/Roots\/wp-json\/wp\/v2\/users\/1"}],"replies":[{"embeddable":true,"href":"https:\/\/rootszoekers.nl\/Roots\/wp-json\/wp\/v2\/comments?post=1956"}],"version-history":[{"count":1,"href":"https:\/\/rootszoekers.nl\/Roots\/wp-json\/wp\/v2\/pages\/1956\/revisions"}],"predecessor-version":[{"id":1958,"href":"https:\/\/rootszoekers.nl\/Roots\/wp-json\/wp\/v2\/pages\/1956\/revisions\/1958"}],"up":[{"embeddable":true,"href":"https:\/\/rootszoekers.nl\/Roots\/wp-json\/wp\/v2\/pages\/679"}],"wp:featuredmedia":[{"embeddable":true,"href":"https:\/\/rootszoekers.nl\/Roots\/wp-json\/wp\/v2\/media\/682"}],"wp:attachment":[{"href":"https:\/\/rootszoekers.nl\/Roots\/wp-json\/wp\/v2\/media?parent=1956"}],"curies":[{"name":"wp","href":"https:\/\/api.w.org\/{rel}","templated":true}]}}